{"id":96,"date":"2025-06-14T09:58:08","date_gmt":"2025-06-14T09:58:08","guid":{"rendered":"https:\/\/vantaibaothang.com\/?page_id=96"},"modified":"2025-06-14T09:58:08","modified_gmt":"2025-06-14T09:58:08","slug":"gioi-thieu-2","status":"publish","type":"page","link":"https:\/\/vantaibaothang.com\/?page_id=96","title":{"rendered":"Gi\u1edbi thi\u1ec7u"},"content":{"rendered":"\n<div class=\"wp-block-group alignfull has-accent-2-background-color has-background has-global-padding is-layout-constrained wp-container-core-group-is-layout-669513ed wp-block-group-is-layout-constrained\" style=\"margin-top:0;margin-bottom:0;padding-top:var(--wp--preset--spacing--50);padding-right:var(--wp--preset--spacing--50);padding-bottom:var(--wp--preset--spacing--50);padding-left:var(--wp--preset--spacing--50)\">\n<div class=\"wp-block-columns alignwide is-layout-flex wp-container-core-columns-is-layout-28f84493 wp-block-columns-is-layout-flex\">\n<div class=\"wp-block-column is-layout-flow wp-block-column-is-layout-flow\" style=\"flex-basis:40%\">\n<p class=\"has-system-serif-font-family has-large-font-size wp-container-content-0733e5d0\"><strong>L\u1ecbch s\u1eed h\u00ecnh th\u00e0nh<\/strong><\/p>\n<\/div>\n\n\n\n<div class=\"wp-block-column is-layout-flow wp-block-column-is-layout-flow\" style=\"flex-basis:60%\">\n<p class=\"has-system-serif-font-family has-large-font-size\" style=\"line-height:1.2\">CTCP V\u1eadn T\u1ea3i B\u1ea3o Th\u1eafng (tr\u01b0\u1edbc \u0111\u00e2y l\u00e0 C\u00f4ng ty TNHH M\u1ed9t th\u00e0nh vi\u00ean V\u1eadn T\u1ea3i B\u1ea3o Th\u1eafng) \u0111\u01b0\u1ee3c th\u00e0nh l\u1eadp theo Gi\u1ea5y ch\u1ee9ng nh\u1eadn \u0111\u0103ng k\u00fd doanh nghi\u1ec7p s\u1ed1 5300808206 do S\u1edf K\u1ebf ho\u1ea1ch v\u00e0 \u0110\u1ea7u t\u01b0 t\u1ec9nh L\u00e0o Cai c\u1ea5p l\u1ea7n \u0111\u1ea7u ng\u00e0y 30\/08\/2022, v\u1edbi v\u1ed1n \u0111i\u1ec1u l\u1ec7 \u0111\u0103ng k\u00fd ban \u0111\u1ea7u l\u00e0 20.000.000.000 \u0111\u1ed3ng (B\u1eb1ng ch\u1eef: Hai m\u01b0\u01a1i t\u1ef7 \u0111\u1ed3ng), t\u01b0\u01a1ng \u1ee9ng v\u1edbi 2.000.000 c\u1ed5 ph\u1ea7n m\u1ec7nh gi\u00e1 10.000 \u0111\u1ed3ng\/c\u1ed5 ph\u1ea7n.<\/p>\n\n\n\n<p class=\"has-system-serif-font-family has-large-font-size\" style=\"line-height:1.2\"><\/p>\n\n\n\n<p class=\"has-system-serif-font-family has-large-font-size\" style=\"line-height:1.2\">\u0110\u1ebfn ng\u00e0y 15\/03\/2024, C\u00f4ng ty th\u1ef1c hi\u1ec7n t\u0103ng v\u1ed1n \u0111i\u1ec1u l\u1ec7 l\u00ean 32.000.000.000 \u0111\u1ed3ng (B\u1eb1ng ch\u1eef: Ba m\u01b0\u01a1i hai t\u1ef7 \u0111\u1ed3ng), t\u01b0\u01a1ng \u1ee9ng v\u1edbi 3.200.000 c\u1ed5 ph\u1ea7n c\u00f3 m\u1ec7nh gi\u00e1 10.000 \u0111\u1ed3ng\/c\u1ed5 ph\u1ea7n, \u0111\u1ed3ng th\u1eddi chuy\u1ec3n \u0111\u1ed5i lo\u1ea1i h\u00ecnh doanh nghi\u1ec7p t\u1eeb c\u00f4ng ty tr\u00e1ch nhi\u1ec7m h\u1eefu h\u1ea1n m\u1ed9t th\u00e0nh vi\u00ean th\u00e0nh c\u00f4ng ty c\u1ed5 ph\u1ea7n.<\/p>\n\n\n\n<p class=\"has-heading-font-family has-x-large-font-size\" style=\"line-height:1.2\"><\/p>\n<\/div>\n<\/div>\n\n\n\n<div style=\"height:var(--wp--preset--spacing--40)\" aria-hidden=\"true\" class=\"wp-block-spacer\"><\/div>\n\n\n\n<div class=\"wp-block-cover alignwide\"><img loading=\"lazy\" decoding=\"async\" width=\"600\" height=\"450\" class=\"wp-block-cover__image-background wp-image-97\" alt=\"\" src=\"https:\/\/vantaibaothang.com\/wp-content\/uploads\/2025\/06\/xe-howo-a7-mau-xam.jpg\" data-object-fit=\"cover\" srcset=\"https:\/\/vantaibaothang.com\/wp-content\/uploads\/2025\/06\/xe-howo-a7-mau-xam.jpg 600w, https:\/\/vantaibaothang.com\/wp-content\/uploads\/2025\/06\/xe-howo-a7-mau-xam-300x225.jpg 300w\" sizes=\"auto, (max-width: 600px) 100vw, 600px\" \/><span aria-hidden=\"true\" class=\"wp-block-cover__background has-background-dim\"><\/span><div class=\"wp-block-cover__inner-container is-layout-flow wp-block-cover-is-layout-flow\">\n<p class=\"has-text-align-center has-heading-font-family has-x-large-font-size\"><mark style=\"background-color:rgba(0, 0, 0, 0)\" class=\"has-inline-color has-contrast-color\"><strong><em>Chinh ph\u1ee5c m\u1ecdi n\u1ebbo \u0111\u01b0\u1eddng!<\/em><\/strong><\/mark><\/p>\n<\/div><\/div>\n<\/div>\n\n\n\n<div class=\"wp-block-group alignfull has-base-background-color has-background has-global-padding is-layout-constrained wp-container-core-group-is-layout-d89aad35 wp-block-group-is-layout-constrained\" style=\"margin-top:0;margin-bottom:0;padding-top:var(--wp--preset--spacing--50);padding-right:var(--wp--preset--spacing--50);padding-bottom:var(--wp--preset--spacing--50);padding-left:var(--wp--preset--spacing--50)\">\n<div class=\"wp-block-columns alignwide is-layout-flex wp-container-core-columns-is-layout-549b0c86 wp-block-columns-is-layout-flex\">\n<div class=\"wp-block-column has-global-padding is-content-justification-left is-layout-constrained wp-container-core-column-is-layout-4f15e8fe wp-block-column-is-layout-constrained\" style=\"flex-basis:40%\">\n<p class=\"has-system-serif-font-family has-xx-large-font-size\"><em>K\u1ebft qu\u1ea3 n\u1ed5i b\u1eadt<\/em><\/p>\n<\/div>\n\n\n\n<div class=\"wp-block-column is-layout-flow wp-container-core-column-is-layout-119bc444 wp-block-column-is-layout-flow\" style=\"flex-basis:60%\">\n<p class=\"has-heading-font-family has-x-large-font-size\" style=\"line-height:1.2\">\u00a0H\u1ed9i \u0111\u1ed3ng Qu\u1ea3n tr\u1ecb v\u1edbi vai tr\u00f2 v\u00e0 tr\u00e1ch nhi\u1ec7m c\u1ee7a m\u00ecnh \u0111\u00e3 c\u00f3 nh\u1eefng ch\u00ednh s\u00e1ch, \u0111\u01b0\u1eddng h\u01b0\u1edbng r\u00f5 r\u1ec7t, gi\u00fap C\u00f4ng ty ph\u00e1t tri\u1ec3n \u1ed5n \u0111\u1ecbnh, b\u1ec1n v\u1eefng, doanh thu h\u00e0ng n\u0103m c\u00f3 s\u1ef1 t\u0103ng tr\u01b0\u1edfng cao h\u01a1n n\u0103m tr\u01b0\u1edbc.<\/p>\n\n\n\n<p>C\u00e1c ho\u1ea1t \u0111\u1ed9ng nghi\u00ean c\u1ee9u, \u0111\u0103ng k\u00fd c\u00e1c s\u1ea3n ph\u1ea9m m\u1edbi \u0111\u1eb7c bi\u1ec7t \u0111\u01b0\u1ee3c ch\u00fa tr\u1ecdng, s\u1ed1 l\u01b0\u1ee3ng s\u1ea3n ph\u1ea9m t\u0103ng \u0111\u1ec1u trong c\u00e1c n\u0103m;<\/p>\n\n\n\n<p>H\u1ec7 th\u1ed1ng m\u00e1y m\u00f3c,\u00a0 c\u01a1 s\u1edf v\u1eadt ch\u1ea5t, nh\u00e0 x\u01b0\u1edfng th\u01b0\u1eddng xuy\u00ean \u0111\u01b0\u1ee3c \u0111\u1ea7u t\u01b0, n\u00e2ng c\u1ea5p \u0111\u1ec3 \u0111\u00e1p \u1ee9ng y\u00eau c\u1ea7u c\u1ee7a s\u1ea3n xu\u1ea5t, t\u1ea1o n\u00ean nh\u1eefng d\u00f2ng s\u1ea3n ph\u1ea9m c\u00f3 gi\u00e1 tr\u1ecb hi\u1ec7u qu\u1ea3 cao, \u0111\u00e1p \u1ee9ng \u0111\u01b0\u1ee3c nhu c\u1ea7u c\u1ee7a ho\u1ea1t \u0111\u1ed9ng kinh doanh t\u1ea1i \u0111\u1ecba b\u00e0n L\u00e0o Cai v\u00e0 h\u01b0\u1edbng \u0111\u1ebfn m\u1edf r\u1ed9ng ra to\u00e0n qu\u1ed1c.<\/p>\n\n\n\n<p>M\u1edf r\u1ed9ng m\u1ea1ng l\u01b0\u1edbi ph\u00e2n ph\u1ed1i, \u0111a d\u1ea1ng h\u00f3a c\u00e1c d\u00f2ng s\u1ea3n ph\u1ea9m, k\u00eanh b\u00e1n h\u00e0ng nh\u1eb1m ti\u1ebfp c\u1eadn s\u00e2u v\u00e0 r\u1ed9ng h\u01a1n \u0111\u1ed1i v\u1edbi kh\u00e1ch h\u00e0ng.<\/p>\n\n\n\n<p>Linh ho\u1ea1t trong c\u00e1ch ti\u1ebfp c\u1eadn, t\u00ecm ki\u1ebfm th\u1ecb tr\u01b0\u1eddng xu\u1ea5t kh\u1ea9u;<\/p>\n\n\n\n<p class=\"has-heading-font-family has-x-large-font-size\" style=\"line-height:1.2\">\u0110\u1eb7t nh\u00e2n s\u1ef1 l\u00e0 tr\u1ecdng t\u00e2m, lu\u00f4n ch\u00fa tr\u1ecdng \u0111\u1ebfn vi\u1ec7c \u0111\u00e0o t\u1ea1o, ph\u00e1t tri\u1ec3n ngu\u1ed3n nh\u00e2n l\u1ef1c, n\u00e2ng cao \u0111\u1eddi s\u1ed1ng v\u1eadt ch\u1ea5t v\u00e0 ch\u0103m lo tinh th\u1ea7n cho to\u00e0n th\u1ec3 CBNV..<\/p>\n<\/div>\n<\/div>\n<\/div>\n\n\n\n<p><\/p>\n","protected":false},"excerpt":{"rendered":"<p>L\u1ecbch s\u1eed h\u00ecnh th\u00e0nh CTCP V\u1eadn T\u1ea3i B\u1ea3o Th\u1eafng (tr\u01b0\u1edbc \u0111\u00e2y l\u00e0 C\u00f4ng ty TNHH M\u1ed9t th\u00e0nh vi\u00ean V\u1eadn T\u1ea3i B\u1ea3o Th\u1eafng) \u0111\u01b0\u1ee3c th\u00e0nh l\u1eadp theo Gi\u1ea5y ch\u1ee9ng nh\u1eadn \u0111\u0103ng k\u00fd doanh nghi\u1ec7p s\u1ed1 5300808206 do S\u1edf K\u1ebf ho\u1ea1ch v\u00e0 \u0110\u1ea7u t\u01b0 t\u1ec9nh L\u00e0o Cai c\u1ea5p l\u1ea7n \u0111\u1ea7u ng\u00e0y 30\/08\/2022, v\u1edbi v\u1ed1n \u0111i\u1ec1u l\u1ec7 \u0111\u0103ng [&hellip;]<\/p>\n","protected":false},"author":1,"featured_media":0,"parent":0,"menu_order":0,"comment_status":"closed","ping_status":"closed","template":"","meta":{"footnotes":""},"class_list":["post-96","page","type-page","status-publish","hentry"],"_links":{"self":[{"href":"https:\/\/vantaibaothang.com\/index.php?rest_route=\/wp\/v2\/pages\/96","targetHints":{"allow":["GET"]}}],"collection":[{"href":"https:\/\/vantaibaothang.com\/index.php?rest_route=\/wp\/v2\/pages"}],"about":[{"href":"https:\/\/vantaibaothang.com\/index.php?rest_route=\/wp\/v2\/types\/page"}],"author":[{"embeddable":true,"href":"https:\/\/vantaibaothang.com\/index.php?rest_route=\/wp\/v2\/users\/1"}],"replies":[{"embeddable":true,"href":"https:\/\/vantaibaothang.com\/index.php?rest_route=%2Fwp%2Fv2%2Fcomments&post=96"}],"version-history":[{"count":1,"href":"https:\/\/vantaibaothang.com\/index.php?rest_route=\/wp\/v2\/pages\/96\/revisions"}],"predecessor-version":[{"id":98,"href":"https:\/\/vantaibaothang.com\/index.php?rest_route=\/wp\/v2\/pages\/96\/revisions\/98"}],"wp:attachment":[{"href":"https:\/\/vantaibaothang.com\/index.php?rest_route=%2Fwp%2Fv2%2Fmedia&parent=96"}],"curies":[{"name":"wp","href":"https:\/\/api.w.org\/{rel}","templated":true}]}}